{"id":442,"date":"2025-07-19T17:36:00","date_gmt":"2025-07-19T20:36:00","guid":{"rendered":"https:\/\/ciscochess.com\/web\/?page_id=442"},"modified":"2025-07-19T17:53:51","modified_gmt":"2025-07-19T20:53:51","slug":"contacto","status":"publish","type":"page","link":"https:\/\/ciscochess.com\/web\/contacto\/","title":{"rendered":"Cont\u00e1ctame"},"content":{"rendered":"\n<p class=\"justificado\">Estoy siempre abierto a nuevas ideas, colaboraciones y oportunidades para compartir el ajedrez. Ya sea que tengas una consulta, quieras organizar un evento o torneo, est\u00e9s interesado en clases o simplemente quer\u00e9s hablar de ajedrez, \u00a1estar\u00e9 encantado de leerte!<\/p>\n\n\n<div class=\"everest-forms\"><div class=\"evf-container default\" id=\"evf-445\"><form id=\"evf-form-445\" class=\"everest-form\" data-formid=\"445\" data-ajax_submission=\"0\" data-keyboard_friendly_form=\"0\" data-form_state_type=\"\" method=\"post\" enctype=\"multipart\/form-data\" action=\"\/web\/wp-json\/wp\/v2\/pages\/442\"><div class=\"evf-field-container\"><input type=\"hidden\" id=\"_wpnonce445\" name=\"_wpnonce445\" value=\"637996806a\" \/><input type=\"hidden\" name=\"_wp_http_referer\" value=\"\/web\/wp-json\/wp\/v2\/pages\/442\" \/><div class=\"evf-frontend-row\" data-row=\"row_1\" conditional_rules=\"[]\"><div class=\"evf-frontend-grid evf-grid-1\" data-grid=\"grid_1\"><div id=\"evf-445-field_fullname-container\" class=\"evf-field evf-field-text form-row validate-required\" data-required-field-message=\"Este campo es obligatorio.\" data-field-id=\"fullname\"><label class=\"evf-field-label\" for=\"evf-445-field_fullname\"><span class=\"evf-label\">Nombre<\/span> <abbr class=\"required\" title=\"Obligatorio\">*<\/abbr><\/label><input type=\"text\" id=\"evf-445-field_fullname\" class=\"input-text\" name=\"everest_forms[form_fields][fullname]\" required><\/div><div id=\"evf-445-field_email-container\" class=\"evf-field evf-field-email form-row validate-required validate-email\" data-required-field-message=\"Por favor, introduce una direcci\u00f3n de correo electr\u00f3nico v\u00e1lida.\" data-field-id=\"email\"><label class=\"evf-field-label\" for=\"evf-445-field_email\"><span class=\"evf-label\">Email<\/span> <abbr class=\"required\" title=\"Obligatorio\">*<\/abbr><\/label><input type=\"email\" id=\"evf-445-field_email\" class=\"input-text\" name=\"everest_forms[form_fields][email]\" required ><\/div><div id=\"evf-445-field_subject-container\" class=\"evf-field evf-field-text form-row validate-required\" data-required-field-message=\"Este campo es obligatorio.\" data-field-id=\"subject\"><label class=\"evf-field-label\" for=\"evf-445-field_subject\"><span class=\"evf-label\">Asunto<\/span> <abbr class=\"required\" title=\"Obligatorio\">*<\/abbr><\/label><input type=\"text\" id=\"evf-445-field_subject\" class=\"input-text\" name=\"everest_forms[form_fields][subject]\" required><\/div><div id=\"evf-445-field_message-container\" class=\"evf-field evf-field-textarea form-row\" data-field-id=\"message\"><label class=\"evf-field-label\" for=\"evf-445-field_message\"><span class=\"evf-label\">Mensaje<\/span> <\/label><textarea id=\"evf-445-field_message\" class=\"input-text\" name=\"everest_forms[form_fields][message]\"  ><\/textarea><\/div><div id=\"evf-445-field_UQFbLkXl92-1-container\" class=\"evf-field evf-field-hcaptcha form-row\" data-field-id=\"UQFbLkXl92-1\"><label class=\"evf-field-label\" for=\"evf-445-field_UQFbLkXl92-1\"><span class=\"evf-label\">hCaptcha<\/span> <\/label><div class=\"evf-recaptcha-container\" style=\"display:block\"><div class=\"g-recaptcha\" data-sitekey=\"6ade0822-eeb0-4b98-a5b4-f53e5016126a\"><\/div><input type=\"text\" name=\"g-recaptcha-hidden\" class=\"evf-recaptcha-hidden\" style=\"position:absolute!important;clip:rect(0,0,0,0)!important;height:1px!important;width:1px!important;border:0!important;overflow:hidden!important;padding:0!important;margin:0!important;\" required><\/div><\/div><\/div><\/div><\/div><div class=\"evf-honeypot-container evf-field-hp\"><label for=\"evf-445-field-hp\" class=\"evf-field-label\">Website<\/label><input type=\"text\" name=\"everest_forms[hp]\" id=\"evf-445-field-hp\" class=\"input-text\"><\/div><div class=\"evf-submit-container \" ><input type=\"hidden\" name=\"everest_forms[id]\" value=\"445\"><input type=\"hidden\" name=\"everest_forms[author]\" value=\"1\"><button type='submit' name='everest_forms[submit]' class='everest-forms-submit-button button evf-submit ' id='evf-submit-445' value='evf-submit' data-process-text=\"Procesando...\" conditional_rules='&quot;&quot;' conditional_id='evf-submit-445'  id=\"evf-submit-445\" aria-live=\"assertive\">Enviar<\/button><\/div><\/form><\/div><!-- .evf-container --><\/div>\n\n\n<p><\/p>\n","protected":false},"excerpt":{"rendered":"<p>Estoy siempre abierto a nuevas ideas, colaboraciones y oportunidades para compartir el ajedrez. Ya sea que tengas una consulta, quieras<\/p>\n","protected":false},"author":1,"featured_media":0,"parent":0,"menu_order":0,"comment_status":"closed","ping_status":"closed","template":"","meta":{"colormag_page_container_layout":"default_layout","colormag_page_sidebar_layout":"default_layout","pagelayer_contact_templates":[],"_pagelayer_content":"","_price":"","_stock":"","_tribe_ticket_header":"","_tribe_default_ticket_provider":"","_ticket_start_date":"","_ticket_end_date":"","_tribe_ticket_show_description":"","_tribe_ticket_show_not_going":false,"_tribe_ticket_use_global_stock":"","_tribe_ticket_global_stock_level":"","_global_stock_mode":"","_global_stock_cap":"","_tribe_rsvp_for_event":"","_tribe_ticket_going_count":"","_tribe_ticket_not_going_count":"","_tribe_tickets_list":"[]","_tribe_ticket_has_attendee_info_fields":false,"footnotes":"","_tec_slr_enabled":"","_tec_slr_layout":""},"class_list":["post-442","page","type-page","status-publish","hentry"],"magazineBlocksPostFeaturedMedia":{"thumbnail":false,"medium":false,"medium_large":false,"large":false,"1536x1536":false,"2048x2048":false,"colormag-highlighted-post":false,"colormag-featured-post-medium":false,"colormag-featured-post-small":false,"colormag-featured-image":false,"colormag-default-news":false,"colormag-featured-image-large":false,"mailpoet_newsletter_max":false,"woocommerce_thumbnail":false,"woocommerce_single":false,"woocommerce_gallery_thumbnail":false},"magazineBlocksPostAuthor":{"name":"Cisco","avatar":"https:\/\/secure.gravatar.com\/avatar\/a16659b58eab63adcc4ee8e27bfce71d96ea4e7a818f34b4e6f50db8d807ea7b?s=96&d=mm&r=g"},"magazineBlocksPostCommentsNumber":false,"magazineBlocksPostExcerpt":"Estoy siempre abierto a nuevas ideas, colaboraciones y oportunidades para compartir el ajedrez. Ya sea que tengas una consulta, quieras","magazineBlocksPostCategories":[],"magazineBlocksPostViewCount":0,"magazineBlocksPostReadTime":1,"yoast_head":"<!-- This site is optimized with the Yoast SEO plugin v26.9 - https:\/\/yoast.com\/product\/yoast-seo-wordpress\/ -->\n<title>Cont\u00e1ctame - Cisco Chess<\/title>\n<meta name=\"robots\" content=\"index, follow, max-snippet:-1, max-image-preview:large, max-video-preview:-1\" \/>\n<link rel=\"canonical\" href=\"https:\/\/ciscochess.com\/web\/contacto\/\" \/>\n<meta property=\"og:locale\" content=\"es_ES\" \/>\n<meta property=\"og:type\" content=\"article\" \/>\n<meta property=\"og:title\" content=\"Cont\u00e1ctame - Cisco Chess\" \/>\n<meta property=\"og:description\" content=\"Estoy siempre abierto a nuevas ideas, colaboraciones y oportunidades para compartir el ajedrez. Ya sea que tengas una consulta, quieras\" \/>\n<meta property=\"og:url\" content=\"https:\/\/ciscochess.com\/web\/contacto\/\" \/>\n<meta property=\"og:site_name\" content=\"Cisco Chess\" \/>\n<meta property=\"article:modified_time\" content=\"2025-07-19T20:53:51+00:00\" \/>\n<meta name=\"twitter:card\" content=\"summary_large_image\" \/>\n<script type=\"application\/ld+json\" class=\"yoast-schema-graph\">{\"@context\":\"https:\/\/schema.org\",\"@graph\":[{\"@type\":\"WebPage\",\"@id\":\"https:\/\/ciscochess.com\/web\/contacto\/\",\"url\":\"https:\/\/ciscochess.com\/web\/contacto\/\",\"name\":\"Cont\u00e1ctame - Cisco Chess\",\"isPartOf\":{\"@id\":\"https:\/\/ciscochess.com\/web\/#website\"},\"datePublished\":\"2025-07-19T20:36:00+00:00\",\"dateModified\":\"2025-07-19T20:53:51+00:00\",\"breadcrumb\":{\"@id\":\"https:\/\/ciscochess.com\/web\/contacto\/#breadcrumb\"},\"inLanguage\":\"es\",\"potentialAction\":[{\"@type\":\"ReadAction\",\"target\":[\"https:\/\/ciscochess.com\/web\/contacto\/\"]}]},{\"@type\":\"BreadcrumbList\",\"@id\":\"https:\/\/ciscochess.com\/web\/contacto\/#breadcrumb\",\"itemListElement\":[{\"@type\":\"ListItem\",\"position\":1,\"name\":\"Portada\",\"item\":\"https:\/\/ciscochess.com\/web\/\"},{\"@type\":\"ListItem\",\"position\":2,\"name\":\"Cont\u00e1ctame\"}]},{\"@type\":\"WebSite\",\"@id\":\"https:\/\/ciscochess.com\/web\/#website\",\"url\":\"https:\/\/ciscochess.com\/web\/\",\"name\":\"Cisco Chess\",\"description\":\"Bit\u00e1cora desde e4\",\"publisher\":{\"@id\":\"https:\/\/ciscochess.com\/web\/#\/schema\/person\/c77e95c43b961e4f366d73ec29e9566d\"},\"potentialAction\":[{\"@type\":\"SearchAction\",\"target\":{\"@type\":\"EntryPoint\",\"urlTemplate\":\"https:\/\/ciscochess.com\/web\/?s={search_term_string}\"},\"query-input\":{\"@type\":\"PropertyValueSpecification\",\"valueRequired\":true,\"valueName\":\"search_term_string\"}}],\"inLanguage\":\"es\"},{\"@type\":[\"Person\",\"Organization\"],\"@id\":\"https:\/\/ciscochess.com\/web\/#\/schema\/person\/c77e95c43b961e4f366d73ec29e9566d\",\"name\":\"Cisco\",\"image\":{\"@type\":\"ImageObject\",\"inLanguage\":\"es\",\"@id\":\"https:\/\/ciscochess.com\/web\/#\/schema\/person\/image\/\",\"url\":\"https:\/\/ciscochess.com\/web\/wp-content\/uploads\/2025\/06\/logo_principal.png\",\"contentUrl\":\"https:\/\/ciscochess.com\/web\/wp-content\/uploads\/2025\/06\/logo_principal.png\",\"width\":400,\"height\":100,\"caption\":\"Cisco\"},\"logo\":{\"@id\":\"https:\/\/ciscochess.com\/web\/#\/schema\/person\/image\/\"},\"sameAs\":[\"https:\/\/ciscochess.com\/web\"]}]}<\/script>\n<!-- \/ Yoast SEO plugin. -->","yoast_head_json":{"title":"Cont\u00e1ctame - Cisco Chess","robots":{"index":"index","follow":"follow","max-snippet":"max-snippet:-1","max-image-preview":"max-image-preview:large","max-video-preview":"max-video-preview:-1"},"canonical":"https:\/\/ciscochess.com\/web\/contacto\/","og_locale":"es_ES","og_type":"article","og_title":"Cont\u00e1ctame - Cisco Chess","og_description":"Estoy siempre abierto a nuevas ideas, colaboraciones y oportunidades para compartir el ajedrez. Ya sea que tengas una consulta, quieras","og_url":"https:\/\/ciscochess.com\/web\/contacto\/","og_site_name":"Cisco Chess","article_modified_time":"2025-07-19T20:53:51+00:00","twitter_card":"summary_large_image","schema":{"@context":"https:\/\/schema.org","@graph":[{"@type":"WebPage","@id":"https:\/\/ciscochess.com\/web\/contacto\/","url":"https:\/\/ciscochess.com\/web\/contacto\/","name":"Cont\u00e1ctame - Cisco Chess","isPartOf":{"@id":"https:\/\/ciscochess.com\/web\/#website"},"datePublished":"2025-07-19T20:36:00+00:00","dateModified":"2025-07-19T20:53:51+00:00","breadcrumb":{"@id":"https:\/\/ciscochess.com\/web\/contacto\/#breadcrumb"},"inLanguage":"es","potentialAction":[{"@type":"ReadAction","target":["https:\/\/ciscochess.com\/web\/contacto\/"]}]},{"@type":"BreadcrumbList","@id":"https:\/\/ciscochess.com\/web\/contacto\/#breadcrumb","itemListElement":[{"@type":"ListItem","position":1,"name":"Portada","item":"https:\/\/ciscochess.com\/web\/"},{"@type":"ListItem","position":2,"name":"Cont\u00e1ctame"}]},{"@type":"WebSite","@id":"https:\/\/ciscochess.com\/web\/#website","url":"https:\/\/ciscochess.com\/web\/","name":"Cisco Chess","description":"Bit\u00e1cora desde e4","publisher":{"@id":"https:\/\/ciscochess.com\/web\/#\/schema\/person\/c77e95c43b961e4f366d73ec29e9566d"},"potentialAction":[{"@type":"SearchAction","target":{"@type":"EntryPoint","urlTemplate":"https:\/\/ciscochess.com\/web\/?s={search_term_string}"},"query-input":{"@type":"PropertyValueSpecification","valueRequired":true,"valueName":"search_term_string"}}],"inLanguage":"es"},{"@type":["Person","Organization"],"@id":"https:\/\/ciscochess.com\/web\/#\/schema\/person\/c77e95c43b961e4f366d73ec29e9566d","name":"Cisco","image":{"@type":"ImageObject","inLanguage":"es","@id":"https:\/\/ciscochess.com\/web\/#\/schema\/person\/image\/","url":"https:\/\/ciscochess.com\/web\/wp-content\/uploads\/2025\/06\/logo_principal.png","contentUrl":"https:\/\/ciscochess.com\/web\/wp-content\/uploads\/2025\/06\/logo_principal.png","width":400,"height":100,"caption":"Cisco"},"logo":{"@id":"https:\/\/ciscochess.com\/web\/#\/schema\/person\/image\/"},"sameAs":["https:\/\/ciscochess.com\/web"]}]}},"ticketed":false,"_links":{"self":[{"href":"https:\/\/ciscochess.com\/web\/wp-json\/wp\/v2\/pages\/442","targetHints":{"allow":["GET"]}}],"collection":[{"href":"https:\/\/ciscochess.com\/web\/wp-json\/wp\/v2\/pages"}],"about":[{"href":"https:\/\/ciscochess.com\/web\/wp-json\/wp\/v2\/types\/page"}],"author":[{"embeddable":true,"href":"https:\/\/ciscochess.com\/web\/wp-json\/wp\/v2\/users\/1"}],"replies":[{"embeddable":true,"href":"https:\/\/ciscochess.com\/web\/wp-json\/wp\/v2\/comments?post=442"}],"version-history":[{"count":2,"href":"https:\/\/ciscochess.com\/web\/wp-json\/wp\/v2\/pages\/442\/revisions"}],"predecessor-version":[{"id":447,"href":"https:\/\/ciscochess.com\/web\/wp-json\/wp\/v2\/pages\/442\/revisions\/447"}],"wp:attachment":[{"href":"https:\/\/ciscochess.com\/web\/wp-json\/wp\/v2\/media?parent=442"}],"curies":[{"name":"wp","href":"https:\/\/api.w.org\/{rel}","templated":true}]}}