{"id":436,"date":"2025-07-19T17:31:53","date_gmt":"2025-07-19T20:31:53","guid":{"rendered":"https:\/\/ciscochess.com\/web\/?page_id=436"},"modified":"2025-07-19T17:33:46","modified_gmt":"2025-07-19T20:33:46","slug":"sobre-mi","status":"publish","type":"page","link":"https:\/\/ciscochess.com\/web\/sobre-mi\/","title":{"rendered":"Sobre Mi"},"content":{"rendered":"\n<div class=\"wp-block-columns is-layout-flex wp-container-core-columns-is-layout-28f84493 wp-block-columns-is-layout-flex\">\n<div class=\"wp-block-column is-layout-flow wp-block-column-is-layout-flow\">\n<div class=\"wp-block-columns is-layout-flex wp-container-core-columns-is-layout-28f84493 wp-block-columns-is-layout-flex\">\n<div class=\"wp-block-column is-layout-flow wp-block-column-is-layout-flow\">\n<p class=\"justificado\">\u00a1Bienvenidos!<br>Mi nombre es Cisco. Soy analista programador de formaci\u00f3n y un apasionado de la tecnolog\u00eda desde mis primeros recuerdos. Sin embargo, hay una pasi\u00f3n que me acompa\u00f1a desde la infancia: el ajedrez.<\/p>\n\n\n\n<p class=\"justificado\">Durante a\u00f1os, fue solo un pasatiempo ocasional. Pero en 2020, en pleno confinamiento por la pandemia, ese juego que sol\u00eda disfrutar espor\u00e1dicamente cobr\u00f3 una nueva dimensi\u00f3n. Empec\u00e9 jugando partidas online para sobrellevar el encierro, sin imaginar que esa pr\u00e1ctica se transformar\u00eda en una oportunidad: la de ofrecer un taller de ajedrez en el colegio de mis hijos.<\/p>\n\n\n\n<p class=\"justificado\">Aunque la ense\u00f1anza del ajedrez era un terreno nuevo para m\u00ed, contaba con m\u00e1s de dos d\u00e9cadas de experiencia como docente en inform\u00e1tica. Esa base pedag\u00f3gica me impuls\u00f3 a capacitarme con entusiasmo y a sumergirme en el fascinante universo de las 64 casillas.<\/p>\n<\/div>\n\n\n\n<div class=\"wp-block-column is-layout-flow wp-block-column-is-layout-flow\">\n<figure class=\"wp-block-image size-large is-resized\"><img loading=\"lazy\" decoding=\"async\" width=\"737\" height=\"1024\" src=\"https:\/\/ciscochess.com\/web\/wp-content\/uploads\/2025\/07\/cisco-737x1024.jpeg\" alt=\"\" class=\"wp-image-437\" style=\"width:302px;height:auto\" srcset=\"https:\/\/ciscochess.com\/web\/wp-content\/uploads\/2025\/07\/cisco-737x1024.jpeg 737w, https:\/\/ciscochess.com\/web\/wp-content\/uploads\/2025\/07\/cisco-216x300.jpeg 216w, https:\/\/ciscochess.com\/web\/wp-content\/uploads\/2025\/07\/cisco-768x1067.jpeg 768w, https:\/\/ciscochess.com\/web\/wp-content\/uploads\/2025\/07\/cisco.jpeg 1024w\" sizes=\"auto, (max-width: 737px) 100vw, 737px\" \/><\/figure>\n<\/div>\n<\/div>\n<\/div>\n<\/div>\n\n\n\n<p class=\"justificado\">En 2023, tom\u00e9 una decisi\u00f3n clave: dejar atr\u00e1s mi anterior camino profesional y dedicarme de lleno al ajedrez. Desde entonces, he tenido el privilegio de dar clases en escuelas, colegios y UTU, adem\u00e1s de coordinar talleres de ajedrez terap\u00e9utico, convencido de su enorme potencial para desarrollar habilidades cognitivas, emocionales y sociales. Tambi\u00e9n he participado activamente en la organizaci\u00f3n de eventos de ajedrez tanto educativos como competitivos. Desde diciembre de 2024, junto a un grupo de compa\u00f1eros, fundamos el club Ajedrez Sin L\u00edmites con el objetivo de crear un espacio donde los apasionados del ajedrez puedan reunirse, compartir experiencias y desarrollar sus habilidades, ya sea en un entorno casual o competitivo.<\/p>\n\n\n\n<p>Nuevos desaf\u00edos y proyectos ya est\u00e1n en marcha, y pronto los ir\u00e9 compartiendo por aqu\u00ed.<\/p>\n\n\n\n<p class=\"justificado\">Este blog es mi bit\u00e1cora desde e4, un espacio donde compartir\u00e9 experiencias, ideas, partidas y recursos con todas aquellas personas que se acercan al ajedrez desde distintos caminos: el aula, el tablero, la pantalla\u2026 o la vida misma.<\/p>\n\n\n\n<p><\/p>\n","protected":false},"excerpt":{"rendered":"<p>\u00a1Bienvenidos!Mi nombre es Cisco. Soy analista programador de formaci\u00f3n y un apasionado de la tecnolog\u00eda desde mis primeros recuerdos. Sin<\/p>\n","protected":false},"author":1,"featured_media":0,"parent":0,"menu_order":0,"comment_status":"closed","ping_status":"closed","template":"","meta":{"colormag_page_container_layout":"default_layout","colormag_page_sidebar_layout":"default_layout","pagelayer_contact_templates":[],"_pagelayer_content":"","_price":"","_stock":"","_tribe_ticket_header":"","_tribe_default_ticket_provider":"","_ticket_start_date":"","_ticket_end_date":"","_tribe_ticket_show_description":"","_tribe_ticket_show_not_going":false,"_tribe_ticket_use_global_stock":"","_tribe_ticket_global_stock_level":"","_global_stock_mode":"","_global_stock_cap":"","_tribe_rsvp_for_event":"","_tribe_ticket_going_count":"","_tribe_ticket_not_going_count":"","_tribe_tickets_list":"[]","_tribe_ticket_has_attendee_info_fields":false,"footnotes":"","_tec_slr_enabled":"","_tec_slr_layout":""},"class_list":["post-436","page","type-page","status-publish","hentry"],"magazineBlocksPostFeaturedMedia":{"thumbnail":false,"medium":false,"medium_large":false,"large":false,"1536x1536":false,"2048x2048":false,"colormag-highlighted-post":false,"colormag-featured-post-medium":false,"colormag-featured-post-small":false,"colormag-featured-image":false,"colormag-default-news":false,"colormag-featured-image-large":false,"mailpoet_newsletter_max":false,"woocommerce_thumbnail":false,"woocommerce_single":false,"woocommerce_gallery_thumbnail":false},"magazineBlocksPostAuthor":{"name":"Cisco","avatar":"https:\/\/secure.gravatar.com\/avatar\/a16659b58eab63adcc4ee8e27bfce71d96ea4e7a818f34b4e6f50db8d807ea7b?s=96&d=mm&r=g"},"magazineBlocksPostCommentsNumber":false,"magazineBlocksPostExcerpt":"\u00a1Bienvenidos!Mi nombre es Cisco. Soy analista programador de formaci\u00f3n y un apasionado de la tecnolog\u00eda desde mis primeros recuerdos. Sin","magazineBlocksPostCategories":[],"magazineBlocksPostViewCount":0,"magazineBlocksPostReadTime":2,"yoast_head":"<!-- This site is optimized with the Yoast SEO plugin v26.9 - https:\/\/yoast.com\/product\/yoast-seo-wordpress\/ -->\n<title>Sobre Mi - Cisco Chess<\/title>\n<meta name=\"robots\" content=\"index, follow, max-snippet:-1, max-image-preview:large, max-video-preview:-1\" \/>\n<link rel=\"canonical\" href=\"https:\/\/ciscochess.com\/web\/sobre-mi\/\" \/>\n<meta property=\"og:locale\" content=\"es_ES\" \/>\n<meta property=\"og:type\" content=\"article\" \/>\n<meta property=\"og:title\" content=\"Sobre Mi - Cisco Chess\" \/>\n<meta property=\"og:description\" content=\"\u00a1Bienvenidos!Mi nombre es Cisco. Soy analista programador de formaci\u00f3n y un apasionado de la tecnolog\u00eda desde mis primeros recuerdos. Sin\" \/>\n<meta property=\"og:url\" content=\"https:\/\/ciscochess.com\/web\/sobre-mi\/\" \/>\n<meta property=\"og:site_name\" content=\"Cisco Chess\" \/>\n<meta property=\"article:modified_time\" content=\"2025-07-19T20:33:46+00:00\" \/>\n<meta property=\"og:image\" content=\"https:\/\/ciscochess.com\/web\/wp-content\/uploads\/2025\/07\/cisco.jpeg\" \/>\n\t<meta property=\"og:image:width\" content=\"1024\" \/>\n\t<meta property=\"og:image:height\" content=\"1422\" \/>\n\t<meta property=\"og:image:type\" content=\"image\/jpeg\" \/>\n<meta name=\"twitter:card\" content=\"summary_large_image\" \/>\n<meta name=\"twitter:label1\" content=\"Tiempo de lectura\" \/>\n\t<meta name=\"twitter:data1\" content=\"2 minutos\" \/>\n<script type=\"application\/ld+json\" class=\"yoast-schema-graph\">{\"@context\":\"https:\/\/schema.org\",\"@graph\":[{\"@type\":\"WebPage\",\"@id\":\"https:\/\/ciscochess.com\/web\/sobre-mi\/\",\"url\":\"https:\/\/ciscochess.com\/web\/sobre-mi\/\",\"name\":\"Sobre Mi - Cisco Chess\",\"isPartOf\":{\"@id\":\"https:\/\/ciscochess.com\/web\/#website\"},\"primaryImageOfPage\":{\"@id\":\"https:\/\/ciscochess.com\/web\/sobre-mi\/#primaryimage\"},\"image\":{\"@id\":\"https:\/\/ciscochess.com\/web\/sobre-mi\/#primaryimage\"},\"thumbnailUrl\":\"https:\/\/ciscochess.com\/web\/wp-content\/uploads\/2025\/07\/cisco-737x1024.jpeg\",\"datePublished\":\"2025-07-19T20:31:53+00:00\",\"dateModified\":\"2025-07-19T20:33:46+00:00\",\"breadcrumb\":{\"@id\":\"https:\/\/ciscochess.com\/web\/sobre-mi\/#breadcrumb\"},\"inLanguage\":\"es\",\"potentialAction\":[{\"@type\":\"ReadAction\",\"target\":[\"https:\/\/ciscochess.com\/web\/sobre-mi\/\"]}]},{\"@type\":\"ImageObject\",\"inLanguage\":\"es\",\"@id\":\"https:\/\/ciscochess.com\/web\/sobre-mi\/#primaryimage\",\"url\":\"https:\/\/ciscochess.com\/web\/wp-content\/uploads\/2025\/07\/cisco.jpeg\",\"contentUrl\":\"https:\/\/ciscochess.com\/web\/wp-content\/uploads\/2025\/07\/cisco.jpeg\",\"width\":1024,\"height\":1422},{\"@type\":\"BreadcrumbList\",\"@id\":\"https:\/\/ciscochess.com\/web\/sobre-mi\/#breadcrumb\",\"itemListElement\":[{\"@type\":\"ListItem\",\"position\":1,\"name\":\"Portada\",\"item\":\"https:\/\/ciscochess.com\/web\/\"},{\"@type\":\"ListItem\",\"position\":2,\"name\":\"Sobre Mi\"}]},{\"@type\":\"WebSite\",\"@id\":\"https:\/\/ciscochess.com\/web\/#website\",\"url\":\"https:\/\/ciscochess.com\/web\/\",\"name\":\"Cisco Chess\",\"description\":\"Bit\u00e1cora desde e4\",\"publisher\":{\"@id\":\"https:\/\/ciscochess.com\/web\/#\/schema\/person\/c77e95c43b961e4f366d73ec29e9566d\"},\"potentialAction\":[{\"@type\":\"SearchAction\",\"target\":{\"@type\":\"EntryPoint\",\"urlTemplate\":\"https:\/\/ciscochess.com\/web\/?s={search_term_string}\"},\"query-input\":{\"@type\":\"PropertyValueSpecification\",\"valueRequired\":true,\"valueName\":\"search_term_string\"}}],\"inLanguage\":\"es\"},{\"@type\":[\"Person\",\"Organization\"],\"@id\":\"https:\/\/ciscochess.com\/web\/#\/schema\/person\/c77e95c43b961e4f366d73ec29e9566d\",\"name\":\"Cisco\",\"image\":{\"@type\":\"ImageObject\",\"inLanguage\":\"es\",\"@id\":\"https:\/\/ciscochess.com\/web\/#\/schema\/person\/image\/\",\"url\":\"https:\/\/ciscochess.com\/web\/wp-content\/uploads\/2025\/06\/logo_principal.png\",\"contentUrl\":\"https:\/\/ciscochess.com\/web\/wp-content\/uploads\/2025\/06\/logo_principal.png\",\"width\":400,\"height\":100,\"caption\":\"Cisco\"},\"logo\":{\"@id\":\"https:\/\/ciscochess.com\/web\/#\/schema\/person\/image\/\"},\"sameAs\":[\"https:\/\/ciscochess.com\/web\"]}]}<\/script>\n<!-- \/ Yoast SEO plugin. -->","yoast_head_json":{"title":"Sobre Mi - Cisco Chess","robots":{"index":"index","follow":"follow","max-snippet":"max-snippet:-1","max-image-preview":"max-image-preview:large","max-video-preview":"max-video-preview:-1"},"canonical":"https:\/\/ciscochess.com\/web\/sobre-mi\/","og_locale":"es_ES","og_type":"article","og_title":"Sobre Mi - Cisco Chess","og_description":"\u00a1Bienvenidos!Mi nombre es Cisco. Soy analista programador de formaci\u00f3n y un apasionado de la tecnolog\u00eda desde mis primeros recuerdos. Sin","og_url":"https:\/\/ciscochess.com\/web\/sobre-mi\/","og_site_name":"Cisco Chess","article_modified_time":"2025-07-19T20:33:46+00:00","og_image":[{"width":1024,"height":1422,"url":"https:\/\/ciscochess.com\/web\/wp-content\/uploads\/2025\/07\/cisco.jpeg","type":"image\/jpeg"}],"twitter_card":"summary_large_image","twitter_misc":{"Tiempo de lectura":"2 minutos"},"schema":{"@context":"https:\/\/schema.org","@graph":[{"@type":"WebPage","@id":"https:\/\/ciscochess.com\/web\/sobre-mi\/","url":"https:\/\/ciscochess.com\/web\/sobre-mi\/","name":"Sobre Mi - Cisco Chess","isPartOf":{"@id":"https:\/\/ciscochess.com\/web\/#website"},"primaryImageOfPage":{"@id":"https:\/\/ciscochess.com\/web\/sobre-mi\/#primaryimage"},"image":{"@id":"https:\/\/ciscochess.com\/web\/sobre-mi\/#primaryimage"},"thumbnailUrl":"https:\/\/ciscochess.com\/web\/wp-content\/uploads\/2025\/07\/cisco-737x1024.jpeg","datePublished":"2025-07-19T20:31:53+00:00","dateModified":"2025-07-19T20:33:46+00:00","breadcrumb":{"@id":"https:\/\/ciscochess.com\/web\/sobre-mi\/#breadcrumb"},"inLanguage":"es","potentialAction":[{"@type":"ReadAction","target":["https:\/\/ciscochess.com\/web\/sobre-mi\/"]}]},{"@type":"ImageObject","inLanguage":"es","@id":"https:\/\/ciscochess.com\/web\/sobre-mi\/#primaryimage","url":"https:\/\/ciscochess.com\/web\/wp-content\/uploads\/2025\/07\/cisco.jpeg","contentUrl":"https:\/\/ciscochess.com\/web\/wp-content\/uploads\/2025\/07\/cisco.jpeg","width":1024,"height":1422},{"@type":"BreadcrumbList","@id":"https:\/\/ciscochess.com\/web\/sobre-mi\/#breadcrumb","itemListElement":[{"@type":"ListItem","position":1,"name":"Portada","item":"https:\/\/ciscochess.com\/web\/"},{"@type":"ListItem","position":2,"name":"Sobre Mi"}]},{"@type":"WebSite","@id":"https:\/\/ciscochess.com\/web\/#website","url":"https:\/\/ciscochess.com\/web\/","name":"Cisco Chess","description":"Bit\u00e1cora desde e4","publisher":{"@id":"https:\/\/ciscochess.com\/web\/#\/schema\/person\/c77e95c43b961e4f366d73ec29e9566d"},"potentialAction":[{"@type":"SearchAction","target":{"@type":"EntryPoint","urlTemplate":"https:\/\/ciscochess.com\/web\/?s={search_term_string}"},"query-input":{"@type":"PropertyValueSpecification","valueRequired":true,"valueName":"search_term_string"}}],"inLanguage":"es"},{"@type":["Person","Organization"],"@id":"https:\/\/ciscochess.com\/web\/#\/schema\/person\/c77e95c43b961e4f366d73ec29e9566d","name":"Cisco","image":{"@type":"ImageObject","inLanguage":"es","@id":"https:\/\/ciscochess.com\/web\/#\/schema\/person\/image\/","url":"https:\/\/ciscochess.com\/web\/wp-content\/uploads\/2025\/06\/logo_principal.png","contentUrl":"https:\/\/ciscochess.com\/web\/wp-content\/uploads\/2025\/06\/logo_principal.png","width":400,"height":100,"caption":"Cisco"},"logo":{"@id":"https:\/\/ciscochess.com\/web\/#\/schema\/person\/image\/"},"sameAs":["https:\/\/ciscochess.com\/web"]}]}},"ticketed":false,"_links":{"self":[{"href":"https:\/\/ciscochess.com\/web\/wp-json\/wp\/v2\/pages\/436","targetHints":{"allow":["GET"]}}],"collection":[{"href":"https:\/\/ciscochess.com\/web\/wp-json\/wp\/v2\/pages"}],"about":[{"href":"https:\/\/ciscochess.com\/web\/wp-json\/wp\/v2\/types\/page"}],"author":[{"embeddable":true,"href":"https:\/\/ciscochess.com\/web\/wp-json\/wp\/v2\/users\/1"}],"replies":[{"embeddable":true,"href":"https:\/\/ciscochess.com\/web\/wp-json\/wp\/v2\/comments?post=436"}],"version-history":[{"count":3,"href":"https:\/\/ciscochess.com\/web\/wp-json\/wp\/v2\/pages\/436\/revisions"}],"predecessor-version":[{"id":441,"href":"https:\/\/ciscochess.com\/web\/wp-json\/wp\/v2\/pages\/436\/revisions\/441"}],"wp:attachment":[{"href":"https:\/\/ciscochess.com\/web\/wp-json\/wp\/v2\/media?parent=436"}],"curies":[{"name":"wp","href":"https:\/\/api.w.org\/{rel}","templated":true}]}}